{"id":4986,"date":"2025-11-24T13:44:16","date_gmt":"2025-11-24T12:44:16","guid":{"rendered":"https:\/\/www.alpihotel.info\/camere-2\/"},"modified":"2025-11-24T15:40:42","modified_gmt":"2025-11-24T14:40:42","slug":"camere-2","status":"publish","type":"page","link":"https:\/\/www.alpihotel.info\/de\/camere-2\/","title":{"rendered":"Zimmer"},"content":{"rendered":"\t\t<div data-elementor-type=\"wp-page\" data-elementor-id=\"4986\" class=\"elementor elementor-4986 elementor-4919\">\n\t\t\t\t\t\t<section class=\"elementor-section elementor-top-section elementor-element elementor-element-1e3efb9 elementor-section-full_width elementor-section-height-default elementor-section-height-default\" data-id=\"1e3efb9\" data-element_type=\"section\">\n\t\t\t\t\t\t<div class=\"elementor-container elementor-column-gap-default\">\n\t\t\t\t\t<div class=\"elementor-column elementor-col-100 elementor-top-column elementor-element elementor-element-085c8d3\" data-id=\"085c8d3\" data-element_type=\"column\">\n\t\t\t<div class=\"elementor-widget-wrap elementor-element-populated\">\n\t\t\t\t\t\t<div class=\"elementor-element elementor-element-763357e elementor-widget__width-inherit elementor-widget thim-widget-hotel-room\" data-id=\"763357e\" data-element_type=\"widget\" data-widget_type=\"thim-hotel-room.default\">\n\t\t\t\t<div class=\"elementor-widget-container\">\n\t\t\t\t\t\n<div id=\"hotel_booking_slider_69e75cd79c9f3\" data-number-show=\"4\" data-pagination=\"false\" class=\"hb_room_carousel_container tp-hotel-booking room-slider-base\">\n\t\n\t\t\t<!--navigation-->\n\t\t\n\t\t<!--text_link-->\n\t\t\t\t\t\n\t<div id=\"hotel_booking_slider_69e75cd79c9f3\" class=\"base hb_room_carousel_container tp-hotel-booking\">\n\t\t<div class=\"hb_room_carousel\">\n\t\t\t<ul class=\"rooms owl-carousel tp-hotel-booking hb-catalog-column-4\">\n\t\t\t\t\n\t\t\t\t\t<li id=\"room-4324\" class=\"post-4324 hb_room type-hb_room status-publish has-post-thumbnail hentry hb_room_type-standard-de hb_room_type-camera-de\">\n\n\t\t\t\t\t\t\n\t\t\t\t\t\t<div class=\"summary entry-summary\">\n\n\t\t\t\t\t\t\t\n<div class=\"media\">\n\t<img fetchpriority=\"high\" decoding=\"async\" src=\"https:\/\/www.alpihotel.info\/wp-content\/uploads\/2022\/03\/camere-standard1-270x270.jpg\" width=\"270\" height=\"270\" alt=\"\"\/>\t\t<div class=\"actions\">\n\t\t<div class=\"action-btn\">\n\t\t\t<a href=\"https:\/\/www.alpihotel.info\/de\/room\/camere-standard\/\" class=\"button readmore\">\n\t\t\t\t<i class=\"las la-external-link-square-alt\"><\/i>\n\t\t\t<\/a>\n\t\t<\/div>\n\t<\/div>\n<\/div>\t\t\t\t\t\t\t<div class=\"content-room\">\n\t\t\t\t\t\t\t\t<div class=\"title-room\">\n\t\t\t\t\t\t\t\t\t\n<div class=\"title\">\n\t<h4>\n\t\t<a href=\"https:\/\/www.alpihotel.info\/de\/room\/camere-standard\/\">Standard<\/a>\n\t<\/h4>\n<\/div>\n<div class=\"room-types\"><a href=\"https:\/\/www.alpihotel.info\/de\/room-type\/standard-de\/\" rel=\"tag\">Standard<\/a><span class=\"sep\"><\/span><a href=\"https:\/\/www.alpihotel.info\/de\/room-type\/camera-de\/\" rel=\"tag\">Zimmer<\/a><\/div>\t\t\t\t\t\t\t\t<\/div>\n\t\t\t\t\t\t\t\t<div class=\"description\"><div class=\"information_services\">\r\n\t<ul>\r\n\t\t<li><i class=\"fa fa-wifi\"><\/i><\/li>\r\n\t\t<li><i class=\"fa fa-tv\"><\/i><\/li>\r\n\t\t<li><i class=\"fa fa-car\"><\/i><\/li>\r\n\t\t<li><i class=\"fa fa-fire\"><\/i><\/li>\r\n\t<\/ul>\r\n<\/div><\/div>\t\t\t\t\t\t\t\t\n<div class=\"footer-content-room\">\n\t\n\t\t<div class=\"price\">\n\t\t\t<span class=\"title-price\">Ausgehend von:<\/span>\n\n\t\t\t\t\t\t\t<span class=\"price_value price_min\">\n\t            &euro;80<span class=\"unit\">nacht<\/span>\n            <\/span>\n\t\t\t\n\t\t<\/div>\n\t\n\t<div class=\"actions\">\n\t\t<div class=\"action-btn\">\n\t\t\t<a href=\"https:\/\/www.alpihotel.info\/de\/room\/camere-standard\/\" class=\"button readmore\">\n\t\t\t\tMore Info\t\t\t<\/a>\n\t\t<\/div>\n\t<\/div>\n<\/div>\t\t\t\t\t\t\t<\/div>\n\t\t\t\t\t\t<\/div><!-- .summary -->\n\n\t\t\t\t\t\t\n\t\t\t\t\t<\/li>\n\n\t\t\t\t\n\t\t\t\t\t<li id=\"room-4326\" class=\"post-4326 hb_room type-hb_room status-publish has-post-thumbnail hentry hb_room_type-superior-de hb_room_type-camera-de\">\n\n\t\t\t\t\t\t\n\t\t\t\t\t\t<div class=\"summary entry-summary\">\n\n\t\t\t\t\t\t\t\n<div class=\"media\">\n\t<img decoding=\"async\" src=\"https:\/\/www.alpihotel.info\/wp-content\/uploads\/2022\/03\/camere-Superior-1-270x270.jpg\" width=\"270\" height=\"270\" alt=\"\"\/>\t\t<div class=\"actions\">\n\t\t<div class=\"action-btn\">\n\t\t\t<a href=\"https:\/\/www.alpihotel.info\/de\/room\/camere-superior\/\" class=\"button readmore\">\n\t\t\t\t<i class=\"las la-external-link-square-alt\"><\/i>\n\t\t\t<\/a>\n\t\t<\/div>\n\t<\/div>\n<\/div>\t\t\t\t\t\t\t<div class=\"content-room\">\n\t\t\t\t\t\t\t\t<div class=\"title-room\">\n\t\t\t\t\t\t\t\t\t\n<div class=\"title\">\n\t<h4>\n\t\t<a href=\"https:\/\/www.alpihotel.info\/de\/room\/camere-superior\/\">Superior<\/a>\n\t<\/h4>\n<\/div>\n<div class=\"room-types\"><a href=\"https:\/\/www.alpihotel.info\/de\/room-type\/superior-de\/\" rel=\"tag\">Superior<\/a><span class=\"sep\"><\/span><a href=\"https:\/\/www.alpihotel.info\/de\/room-type\/camera-de\/\" rel=\"tag\">Zimmer<\/a><\/div>\t\t\t\t\t\t\t\t<\/div>\n\t\t\t\t\t\t\t\t<div class=\"description\"><div class=\"information_services\">\r\n\t<ul>\r\n\t\t<li><i class=\"fa fa-wifi\"><\/i><\/li>\r\n\t\t<li><i class=\"fa fa-tv\"><\/i><\/li>\r\n\t\t<li><i class=\"fa fa-car\"><\/i><\/li>\r\n\t\t<li><i class=\"fa fa-fire\"><\/i><\/li>\r\n\t<\/ul>\r\n<\/div><\/div>\t\t\t\t\t\t\t\t\n<div class=\"footer-content-room\">\n\t\n\t\t<div class=\"price\">\n\t\t\t<span class=\"title-price\">Ausgehend von:<\/span>\n\n\t\t\t\t\t\t\t<span class=\"price_value price_min\">\n\t            &euro;86<span class=\"unit\">nacht<\/span>\n            <\/span>\n\t\t\t\n\t\t<\/div>\n\t\n\t<div class=\"actions\">\n\t\t<div class=\"action-btn\">\n\t\t\t<a href=\"https:\/\/www.alpihotel.info\/de\/room\/camere-superior\/\" class=\"button readmore\">\n\t\t\t\tMore Info\t\t\t<\/a>\n\t\t<\/div>\n\t<\/div>\n<\/div>\t\t\t\t\t\t\t<\/div>\n\t\t\t\t\t\t<\/div><!-- .summary -->\n\n\t\t\t\t\t\t\n\t\t\t\t\t<\/li>\n\n\t\t\t\t\n\t\t\t\t\t<li id=\"room-4328\" class=\"post-4328 hb_room type-hb_room status-publish has-post-thumbnail hentry hb_room_type-classica-de hb_room_type-camera-de\">\n\n\t\t\t\t\t\t\n\t\t\t\t\t\t<div class=\"summary entry-summary\">\n\n\t\t\t\t\t\t\t\n<div class=\"media\">\n\t<img decoding=\"async\" src=\"https:\/\/www.alpihotel.info\/wp-content\/uploads\/2022\/03\/Panoramica-1-270x270.jpg\" width=\"270\" height=\"270\" alt=\"\"\/>\t\t<div class=\"actions\">\n\t\t<div class=\"action-btn\">\n\t\t\t<a href=\"https:\/\/www.alpihotel.info\/de\/room\/camera-panoramica-classica\/\" class=\"button readmore\">\n\t\t\t\t<i class=\"las la-external-link-square-alt\"><\/i>\n\t\t\t<\/a>\n\t\t<\/div>\n\t<\/div>\n<\/div>\t\t\t\t\t\t\t<div class=\"content-room\">\n\t\t\t\t\t\t\t\t<div class=\"title-room\">\n\t\t\t\t\t\t\t\t\t\n<div class=\"title\">\n\t<h4>\n\t\t<a href=\"https:\/\/www.alpihotel.info\/de\/room\/camera-panoramica-classica\/\">Panoramica<\/a>\n\t<\/h4>\n<\/div>\n<div class=\"room-types\"><a href=\"https:\/\/www.alpihotel.info\/de\/room-type\/classica-de\/\" rel=\"tag\">Classica<\/a><span class=\"sep\"><\/span><a href=\"https:\/\/www.alpihotel.info\/de\/room-type\/camera-de\/\" rel=\"tag\">Zimmer<\/a><\/div>\t\t\t\t\t\t\t\t<\/div>\n\t\t\t\t\t\t\t\t<div class=\"description\"><div class=\"information_services\">\r\n\t<ul>\r\n\t\t<li><i class=\"fa fa-wifi\"><\/i><\/li>\r\n\t\t<li><i class=\"fa fa-tv\"><\/i><\/li>\r\n\t\t<li><i class=\"fa fa-car\"><\/i><\/li>\r\n\t\t<li><i class=\"fa fa-fire\"><\/i><\/li>\r\n\t<\/ul>\r\n<\/div><\/div>\t\t\t\t\t\t\t\t\n<div class=\"footer-content-room\">\n\t\n\t\t<div class=\"price\">\n\t\t\t<span class=\"title-price\">Ausgehend von:<\/span>\n\n\t\t\t\t\t\t\t<span class=\"price_value price_min\">\n\t            &euro;142<span class=\"unit\">nacht<\/span>\n            <\/span>\n\t\t\t\n\t\t<\/div>\n\t\n\t<div class=\"actions\">\n\t\t<div class=\"action-btn\">\n\t\t\t<a href=\"https:\/\/www.alpihotel.info\/de\/room\/camera-panoramica-classica\/\" class=\"button readmore\">\n\t\t\t\tMore Info\t\t\t<\/a>\n\t\t<\/div>\n\t<\/div>\n<\/div>\t\t\t\t\t\t\t<\/div>\n\t\t\t\t\t\t<\/div><!-- .summary -->\n\n\t\t\t\t\t\t\n\t\t\t\t\t<\/li>\n\n\t\t\t\t\n\t\t\t\t\t<li id=\"room-4330\" class=\"post-4330 hb_room type-hb_room status-publish has-post-thumbnail hentry hb_room_type-nuova-de hb_room_type-camera-de\">\n\n\t\t\t\t\t\t\n\t\t\t\t\t\t<div class=\"summary entry-summary\">\n\n\t\t\t\t\t\t\t\n<div class=\"media\">\n\t<img loading=\"lazy\" decoding=\"async\" src=\"https:\/\/www.alpihotel.info\/wp-content\/uploads\/2022\/03\/nuove-camere-Panoramiche-con-balcon1-270x270.jpg\" width=\"270\" height=\"270\" alt=\"\"\/>\t\t<div class=\"actions\">\n\t\t<div class=\"action-btn\">\n\t\t\t<a href=\"https:\/\/www.alpihotel.info\/de\/room\/camera-panoramica-nuova\/\" class=\"button readmore\">\n\t\t\t\t<i class=\"las la-external-link-square-alt\"><\/i>\n\t\t\t<\/a>\n\t\t<\/div>\n\t<\/div>\n<\/div>\t\t\t\t\t\t\t<div class=\"content-room\">\n\t\t\t\t\t\t\t\t<div class=\"title-room\">\n\t\t\t\t\t\t\t\t\t\n<div class=\"title\">\n\t<h4>\n\t\t<a href=\"https:\/\/www.alpihotel.info\/de\/room\/camera-panoramica-nuova\/\">Panoramica NEW<\/a>\n\t<\/h4>\n<\/div>\n<div class=\"room-types\"><a href=\"https:\/\/www.alpihotel.info\/de\/room-type\/nuova-de\/\" rel=\"tag\">Nuova<\/a><span class=\"sep\"><\/span><a href=\"https:\/\/www.alpihotel.info\/de\/room-type\/camera-de\/\" rel=\"tag\">Zimmer<\/a><\/div>\t\t\t\t\t\t\t\t<\/div>\n\t\t\t\t\t\t\t\t<div class=\"description\"><div class=\"information_services\">\r\n\t<ul>\r\n\t\t<li><i class=\"fa fa-wifi\"><\/i><\/li>\r\n\t\t<li><i class=\"fa fa-tv\"><\/i><\/li>\r\n\t\t<li><i class=\"fa fa-car\"><\/i><\/li>\r\n\t\t<li><i class=\"fa fa-fire\"><\/i><\/li>\r\n\t<\/ul>\r\n<\/div><\/div>\t\t\t\t\t\t\t\t\n<div class=\"footer-content-room\">\n\t\n\t\t<div class=\"price\">\n\t\t\t<span class=\"title-price\">Ausgehend von:<\/span>\n\n\t\t\t\t\t\t\t<span class=\"price_value price_min\">\n\t            &euro;150<span class=\"unit\">nacht<\/span>\n            <\/span>\n\t\t\t\n\t\t<\/div>\n\t\n\t<div class=\"actions\">\n\t\t<div class=\"action-btn\">\n\t\t\t<a href=\"https:\/\/www.alpihotel.info\/de\/room\/camera-panoramica-nuova\/\" class=\"button readmore\">\n\t\t\t\tMore Info\t\t\t<\/a>\n\t\t<\/div>\n\t<\/div>\n<\/div>\t\t\t\t\t\t\t<\/div>\n\t\t\t\t\t\t<\/div><!-- .summary -->\n\n\t\t\t\t\t\t\n\t\t\t\t\t<\/li>\n\n\t\t\t\t\t\t\t<\/ul>\n\n\t\t\t\n\t\t<\/div>\n\t<\/div>\n\t\t\n<\/div>\n\t\t\t\t<\/div>\n\t\t\t\t<\/div>\n\t\t\t\t\t<\/div>\n\t\t<\/div>\n\t\t\t\t\t<\/div>\n\t\t<\/section>\n\t\t\t\t<\/div>\n\t\t","protected":false},"excerpt":{"rendered":"<p>Das Hotel Alpi befindet sich nur wenige Schritte vom malerischen Zentrum von Malcesine entfernt und ist umgeben von einem bezaubernden Park mit majest\u00e4tischen Olivenb\u00e4umen und Zitronenb\u00e4umen. Dieser Ort bietet eine einzigartige Atmosph\u00e4re der Ruhe und Sch\u00f6nheit, ideal f\u00fcr einen entspannenden und unvergesslichen Aufenthalt.<br \/>\nDas Restaurant bietet ein inklusives Fr\u00fchst\u00fcck mit einem reichhaltigen Buffet <\/p>\n","protected":false},"author":1,"featured_media":0,"parent":0,"menu_order":0,"comment_status":"closed","ping_status":"closed","template":"","meta":{"footnotes":""},"class_list":["post-4986","page","type-page","status-publish","hentry"],"yoast_head":"<!-- This site is optimized with the Yoast SEO plugin v27.4 - https:\/\/yoast.com\/product\/yoast-seo-wordpress\/ -->\n<title>Zimmer - Alpi Hotel<\/title>\n<meta name=\"robots\" content=\"index, follow, max-snippet:-1, max-image-preview:large, max-video-preview:-1\" \/>\n<link rel=\"canonical\" href=\"https:\/\/www.alpihotel.info\/de\/camere-2\/\" \/>\n<meta property=\"og:locale\" content=\"de_DE\" \/>\n<meta property=\"og:type\" content=\"article\" \/>\n<meta property=\"og:title\" content=\"Zimmer - Alpi Hotel\" \/>\n<meta property=\"og:description\" content=\"Das Hotel Alpi befindet sich nur wenige Schritte vom malerischen Zentrum von Malcesine entfernt und ist umgeben von einem bezaubernden Park mit majest\u00e4tischen Olivenb\u00e4umen und Zitronenb\u00e4umen. Dieser Ort bietet eine einzigartige Atmosph\u00e4re der Ruhe und Sch\u00f6nheit, ideal f\u00fcr einen entspannenden und unvergesslichen Aufenthalt. Das Restaurant bietet ein inklusives Fr\u00fchst\u00fcck mit einem reichhaltigen Buffet\" \/>\n<meta property=\"og:url\" content=\"https:\/\/www.alpihotel.info\/de\/camere-2\/\" \/>\n<meta property=\"og:site_name\" content=\"Alpi Hotel\" \/>\n<meta property=\"article:modified_time\" content=\"2025-11-24T14:40:42+00:00\" \/>\n<meta property=\"og:image\" content=\"https:\/\/www.alpihotel.info\/wp-content\/uploads\/2022\/03\/camere-standard1-270x270.jpg\" \/>\n<meta name=\"twitter:card\" content=\"summary_large_image\" \/>\n<meta name=\"twitter:label1\" content=\"Gesch\u00e4tzte Lesezeit\" \/>\n\t<meta name=\"twitter:data1\" content=\"1\u00a0Minute\" \/>\n<script type=\"application\/ld+json\" class=\"yoast-schema-graph\">{\"@context\":\"https:\\\/\\\/schema.org\",\"@graph\":[{\"@type\":\"WebPage\",\"@id\":\"https:\\\/\\\/www.alpihotel.info\\\/de\\\/camere-2\\\/\",\"url\":\"https:\\\/\\\/www.alpihotel.info\\\/de\\\/camere-2\\\/\",\"name\":\"Zimmer - Alpi Hotel\",\"isPartOf\":{\"@id\":\"https:\\\/\\\/www.alpihotel.info\\\/#website\"},\"primaryImageOfPage\":{\"@id\":\"https:\\\/\\\/www.alpihotel.info\\\/de\\\/camere-2\\\/#primaryimage\"},\"image\":{\"@id\":\"https:\\\/\\\/www.alpihotel.info\\\/de\\\/camere-2\\\/#primaryimage\"},\"thumbnailUrl\":\"https:\\\/\\\/www.alpihotel.info\\\/wp-content\\\/uploads\\\/2022\\\/03\\\/camere-standard1-270x270.jpg\",\"datePublished\":\"2025-11-24T12:44:16+00:00\",\"dateModified\":\"2025-11-24T14:40:42+00:00\",\"breadcrumb\":{\"@id\":\"https:\\\/\\\/www.alpihotel.info\\\/de\\\/camere-2\\\/#breadcrumb\"},\"inLanguage\":\"de\",\"potentialAction\":[{\"@type\":\"ReadAction\",\"target\":[\"https:\\\/\\\/www.alpihotel.info\\\/de\\\/camere-2\\\/\"]}]},{\"@type\":\"ImageObject\",\"inLanguage\":\"de\",\"@id\":\"https:\\\/\\\/www.alpihotel.info\\\/de\\\/camere-2\\\/#primaryimage\",\"url\":\"https:\\\/\\\/www.alpihotel.info\\\/wp-content\\\/uploads\\\/2022\\\/03\\\/camere-standard1-270x270.jpg\",\"contentUrl\":\"https:\\\/\\\/www.alpihotel.info\\\/wp-content\\\/uploads\\\/2022\\\/03\\\/camere-standard1-270x270.jpg\"},{\"@type\":\"BreadcrumbList\",\"@id\":\"https:\\\/\\\/www.alpihotel.info\\\/de\\\/camere-2\\\/#breadcrumb\",\"itemListElement\":[{\"@type\":\"ListItem\",\"position\":1,\"name\":\"Home\",\"item\":\"https:\\\/\\\/www.alpihotel.info\\\/\"},{\"@type\":\"ListItem\",\"position\":2,\"name\":\"Zimmer\"}]},{\"@type\":\"WebSite\",\"@id\":\"https:\\\/\\\/www.alpihotel.info\\\/#website\",\"url\":\"https:\\\/\\\/www.alpihotel.info\\\/\",\"name\":\"Alpi Hotel\",\"description\":\"Hotel &amp; Residence - Malcesine\",\"potentialAction\":[{\"@type\":\"SearchAction\",\"target\":{\"@type\":\"EntryPoint\",\"urlTemplate\":\"https:\\\/\\\/www.alpihotel.info\\\/?s={search_term_string}\"},\"query-input\":{\"@type\":\"PropertyValueSpecification\",\"valueRequired\":true,\"valueName\":\"search_term_string\"}}],\"inLanguage\":\"de\"}]}<\/script>\n<!-- \/ Yoast SEO plugin. -->","yoast_head_json":{"title":"Zimmer - Alpi Hotel","robots":{"index":"index","follow":"follow","max-snippet":"max-snippet:-1","max-image-preview":"max-image-preview:large","max-video-preview":"max-video-preview:-1"},"canonical":"https:\/\/www.alpihotel.info\/de\/camere-2\/","og_locale":"de_DE","og_type":"article","og_title":"Zimmer - Alpi Hotel","og_description":"Das Hotel Alpi befindet sich nur wenige Schritte vom malerischen Zentrum von Malcesine entfernt und ist umgeben von einem bezaubernden Park mit majest\u00e4tischen Olivenb\u00e4umen und Zitronenb\u00e4umen. Dieser Ort bietet eine einzigartige Atmosph\u00e4re der Ruhe und Sch\u00f6nheit, ideal f\u00fcr einen entspannenden und unvergesslichen Aufenthalt. Das Restaurant bietet ein inklusives Fr\u00fchst\u00fcck mit einem reichhaltigen Buffet","og_url":"https:\/\/www.alpihotel.info\/de\/camere-2\/","og_site_name":"Alpi Hotel","article_modified_time":"2025-11-24T14:40:42+00:00","og_image":[{"url":"https:\/\/www.alpihotel.info\/wp-content\/uploads\/2022\/03\/camere-standard1-270x270.jpg","type":"","width":"","height":""}],"twitter_card":"summary_large_image","twitter_misc":{"Gesch\u00e4tzte Lesezeit":"1\u00a0Minute"},"schema":{"@context":"https:\/\/schema.org","@graph":[{"@type":"WebPage","@id":"https:\/\/www.alpihotel.info\/de\/camere-2\/","url":"https:\/\/www.alpihotel.info\/de\/camere-2\/","name":"Zimmer - Alpi Hotel","isPartOf":{"@id":"https:\/\/www.alpihotel.info\/#website"},"primaryImageOfPage":{"@id":"https:\/\/www.alpihotel.info\/de\/camere-2\/#primaryimage"},"image":{"@id":"https:\/\/www.alpihotel.info\/de\/camere-2\/#primaryimage"},"thumbnailUrl":"https:\/\/www.alpihotel.info\/wp-content\/uploads\/2022\/03\/camere-standard1-270x270.jpg","datePublished":"2025-11-24T12:44:16+00:00","dateModified":"2025-11-24T14:40:42+00:00","breadcrumb":{"@id":"https:\/\/www.alpihotel.info\/de\/camere-2\/#breadcrumb"},"inLanguage":"de","potentialAction":[{"@type":"ReadAction","target":["https:\/\/www.alpihotel.info\/de\/camere-2\/"]}]},{"@type":"ImageObject","inLanguage":"de","@id":"https:\/\/www.alpihotel.info\/de\/camere-2\/#primaryimage","url":"https:\/\/www.alpihotel.info\/wp-content\/uploads\/2022\/03\/camere-standard1-270x270.jpg","contentUrl":"https:\/\/www.alpihotel.info\/wp-content\/uploads\/2022\/03\/camere-standard1-270x270.jpg"},{"@type":"BreadcrumbList","@id":"https:\/\/www.alpihotel.info\/de\/camere-2\/#breadcrumb","itemListElement":[{"@type":"ListItem","position":1,"name":"Home","item":"https:\/\/www.alpihotel.info\/"},{"@type":"ListItem","position":2,"name":"Zimmer"}]},{"@type":"WebSite","@id":"https:\/\/www.alpihotel.info\/#website","url":"https:\/\/www.alpihotel.info\/","name":"Alpi Hotel","description":"Hotel &amp; Residence - Malcesine","potentialAction":[{"@type":"SearchAction","target":{"@type":"EntryPoint","urlTemplate":"https:\/\/www.alpihotel.info\/?s={search_term_string}"},"query-input":{"@type":"PropertyValueSpecification","valueRequired":true,"valueName":"search_term_string"}}],"inLanguage":"de"}]}},"_links":{"self":[{"href":"https:\/\/www.alpihotel.info\/de\/wp-json\/wp\/v2\/pages\/4986","targetHints":{"allow":["GET"]}}],"collection":[{"href":"https:\/\/www.alpihotel.info\/de\/wp-json\/wp\/v2\/pages"}],"about":[{"href":"https:\/\/www.alpihotel.info\/de\/wp-json\/wp\/v2\/types\/page"}],"author":[{"embeddable":true,"href":"https:\/\/www.alpihotel.info\/de\/wp-json\/wp\/v2\/users\/1"}],"replies":[{"embeddable":true,"href":"https:\/\/www.alpihotel.info\/de\/wp-json\/wp\/v2\/comments?post=4986"}],"version-history":[{"count":4,"href":"https:\/\/www.alpihotel.info\/de\/wp-json\/wp\/v2\/pages\/4986\/revisions"}],"predecessor-version":[{"id":4995,"href":"https:\/\/www.alpihotel.info\/de\/wp-json\/wp\/v2\/pages\/4986\/revisions\/4995"}],"wp:attachment":[{"href":"https:\/\/www.alpihotel.info\/de\/wp-json\/wp\/v2\/media?parent=4986"}],"curies":[{"name":"wp","href":"https:\/\/api.w.org\/{rel}","templated":true}]}}